{"id":92,"date":"2025-07-12T09:31:22","date_gmt":"2025-07-12T09:31:22","guid":{"rendered":"https:\/\/bexon.themejunction.net\/?page_id=92"},"modified":"2026-02-03T15:44:39","modified_gmt":"2026-02-03T15:44:39","slug":"gallery-e-testimonianze","status":"publish","type":"page","link":"https:\/\/cibushub.com\/index.php\/en\/gallery-e-testimonianze\/","title":{"rendered":"Gallery e testimonianze"},"content":{"rendered":"\t\t<div data-elementor-type=\"wp-page\" data-elementor-id=\"92\" class=\"elementor elementor-92\">\n\t\t\t\t<div class=\"elementor-element elementor-element-9d07fdc e-flex e-con-boxed e-con e-parent\" data-id=\"9d07fdc\" data-element_type=\"container\">\n\t\t\t\t\t<div class=\"e-con-inner\">\n\t\t<div class=\"elementor-element elementor-element-4ee4346 e-con-full e-flex e-con e-child\" data-id=\"4ee4346\" data-element_type=\"container\">\n\t\t\t\t<div class=\"elementor-element elementor-element-429213d elementor-widget elementor-widget-heading\" data-id=\"429213d\" data-element_type=\"widget\" data-widget_type=\"heading.default\">\n\t\t\t\t\t<h1 class=\"elementor-heading-title elementor-size-default\">Storie vere, eventi riusciti<\/h1>\t\t\t\t<\/div>\n\t\t\t\t<div class=\"elementor-element elementor-element-c90925c elementor-widget elementor-widget-heading\" data-id=\"c90925c\" data-element_type=\"widget\" data-widget_type=\"heading.default\">\n\t\t\t\t\t<h5 class=\"elementor-heading-title elementor-size-default\">Alcuni esempi di progetti reali, che raccontano meglio di tante parole cosa intendiamo per efficienza, affidabilit\u00e0 e cura.<\/h5>\t\t\t\t<\/div>\n\t\t\t\t<\/div>\n\t\t\t\t\t<\/div>\n\t\t\t\t<\/div>\n\t\t<div class=\"elementor-element elementor-element-06d73b9 e-grid e-con-boxed e-con e-parent\" data-id=\"06d73b9\" data-element_type=\"container\">\n\t\t\t\t\t<div class=\"e-con-inner\">\n\t\t\t\t<div class=\"elementor-element elementor-element-ad471fd elementor-position-top elementor-widget elementor-widget-image-box\" data-id=\"ad471fd\" data-element_type=\"widget\" data-widget_type=\"image-box.default\">\n\t\t\t\t\t<div class=\"elementor-image-box-wrapper\"><figure class=\"elementor-image-box-img\"><img fetchpriority=\"high\" decoding=\"async\" width=\"2560\" height=\"1786\" src=\"https:\/\/cibushub.com\/wp-content\/uploads\/2026\/01\/dolores-preciado-kFEdwp6n_mI-unsplash-1-scaled.jpg\" class=\"attachment-full size-full wp-image-5862\" alt=\"\" srcset=\"https:\/\/cibushub.com\/wp-content\/uploads\/2026\/01\/dolores-preciado-kFEdwp6n_mI-unsplash-1-scaled.jpg 2560w, https:\/\/cibushub.com\/wp-content\/uploads\/2026\/01\/dolores-preciado-kFEdwp6n_mI-unsplash-1-300x209.jpg 300w, https:\/\/cibushub.com\/wp-content\/uploads\/2026\/01\/dolores-preciado-kFEdwp6n_mI-unsplash-1-1024x714.jpg 1024w, https:\/\/cibushub.com\/wp-content\/uploads\/2026\/01\/dolores-preciado-kFEdwp6n_mI-unsplash-1-768x536.jpg 768w\" sizes=\"(max-width: 2560px) 100vw, 2560px\" \/><\/figure><div class=\"elementor-image-box-content\"><h3 class=\"elementor-image-box-title\">Soggiorno Prominent a Firenze<\/h3><p class=\"elementor-image-box-description\">Organizzazione completa: camere, pasti, logistica, attivit\u00e0 collaterali.<\/p><\/div><\/div>\t\t\t\t<\/div>\n\t\t\t\t<div class=\"elementor-element elementor-element-ffeb8cb elementor-position-top elementor-widget elementor-widget-image-box\" data-id=\"ffeb8cb\" data-element_type=\"widget\" data-widget_type=\"image-box.default\">\n\t\t\t\t\t<div class=\"elementor-image-box-wrapper\"><figure class=\"elementor-image-box-img\"><img decoding=\"async\" width=\"1200\" height=\"960\" src=\"https:\/\/cibushub.com\/wp-content\/uploads\/2025\/12\/Foto_Ducati.jpg\" class=\"attachment-full size-full wp-image-5831\" alt=\"\" srcset=\"https:\/\/cibushub.com\/wp-content\/uploads\/2025\/12\/Foto_Ducati.jpg 1200w, https:\/\/cibushub.com\/wp-content\/uploads\/2025\/12\/Foto_Ducati-300x240.jpg 300w, https:\/\/cibushub.com\/wp-content\/uploads\/2025\/12\/Foto_Ducati-1024x819.jpg 1024w, https:\/\/cibushub.com\/wp-content\/uploads\/2025\/12\/Foto_Ducati-768x614.jpg 768w, https:\/\/cibushub.com\/wp-content\/uploads\/2025\/12\/Foto_Ducati-600x480.jpg 600w\" sizes=\"(max-width: 1200px) 100vw, 1200px\" \/><\/figure><div class=\"elementor-image-box-content\"><h3 class=\"elementor-image-box-title\">Catering Ducati<\/h3><p class=\"elementor-image-box-description\">Servizio per un evento aziendale con men\u00f9 su misura, staff dedicato e gestione flussi.<\/p><\/div><\/div>\t\t\t\t<\/div>\n\t\t\t\t<div class=\"elementor-element elementor-element-c928f9f elementor-position-top elementor-widget elementor-widget-image-box\" data-id=\"c928f9f\" data-element_type=\"widget\" data-widget_type=\"image-box.default\">\n\t\t\t\t\t<div class=\"elementor-image-box-wrapper\"><figure class=\"elementor-image-box-img\"><img decoding=\"async\" width=\"2560\" height=\"1707\" src=\"https:\/\/cibushub.com\/wp-content\/uploads\/2026\/01\/thriday-3fsfLwMEBg0-unsplash-scaled.jpg\" class=\"attachment-full size-full wp-image-5856\" alt=\"\" srcset=\"https:\/\/cibushub.com\/wp-content\/uploads\/2026\/01\/thriday-3fsfLwMEBg0-unsplash-scaled.jpg 2560w, https:\/\/cibushub.com\/wp-content\/uploads\/2026\/01\/thriday-3fsfLwMEBg0-unsplash-300x200.jpg 300w, https:\/\/cibushub.com\/wp-content\/uploads\/2026\/01\/thriday-3fsfLwMEBg0-unsplash-1024x683.jpg 1024w, https:\/\/cibushub.com\/wp-content\/uploads\/2026\/01\/thriday-3fsfLwMEBg0-unsplash-768x512.jpg 768w, https:\/\/cibushub.com\/wp-content\/uploads\/2026\/01\/thriday-3fsfLwMEBg0-unsplash-1536x1024.jpg 1536w, https:\/\/cibushub.com\/wp-content\/uploads\/2026\/01\/thriday-3fsfLwMEBg0-unsplash-2048x1365.jpg 2048w, https:\/\/cibushub.com\/wp-content\/uploads\/2026\/01\/thriday-3fsfLwMEBg0-unsplash-600x400.jpg 600w\" sizes=\"(max-width: 2560px) 100vw, 2560px\" \/><\/figure><div class=\"elementor-image-box-content\"><h3 class=\"elementor-image-box-title\">Delivery personalizzato per fiere<\/h3><p class=\"elementor-image-box-description\">Box pasto sostenibili, gestione turni, men\u00f9 personalizzati.<\/p><\/div><\/div>\t\t\t\t<\/div>\n\t\t\t\t<div class=\"elementor-element elementor-element-54d3746 elementor-position-top elementor-widget elementor-widget-image-box\" data-id=\"54d3746\" data-element_type=\"widget\" data-widget_type=\"image-box.default\">\n\t\t\t\t\t<div class=\"elementor-image-box-wrapper\"><figure class=\"elementor-image-box-img\"><img loading=\"lazy\" decoding=\"async\" width=\"2560\" height=\"1707\" src=\"https:\/\/cibushub.com\/wp-content\/uploads\/2026\/01\/lucas-t-photography-0jxy1DgKyrg-unsplash-2-scaled.jpg\" class=\"attachment-full size-full wp-image-5863\" alt=\"\" srcset=\"https:\/\/cibushub.com\/wp-content\/uploads\/2026\/01\/lucas-t-photography-0jxy1DgKyrg-unsplash-2-scaled.jpg 2560w, https:\/\/cibushub.com\/wp-content\/uploads\/2026\/01\/lucas-t-photography-0jxy1DgKyrg-unsplash-2-300x200.jpg 300w, https:\/\/cibushub.com\/wp-content\/uploads\/2026\/01\/lucas-t-photography-0jxy1DgKyrg-unsplash-2-1024x683.jpg 1024w, https:\/\/cibushub.com\/wp-content\/uploads\/2026\/01\/lucas-t-photography-0jxy1DgKyrg-unsplash-2-768x512.jpg 768w, https:\/\/cibushub.com\/wp-content\/uploads\/2026\/01\/lucas-t-photography-0jxy1DgKyrg-unsplash-2-1536x1024.jpg 1536w, https:\/\/cibushub.com\/wp-content\/uploads\/2026\/01\/lucas-t-photography-0jxy1DgKyrg-unsplash-2-2048x1365.jpg 2048w, https:\/\/cibushub.com\/wp-content\/uploads\/2026\/01\/lucas-t-photography-0jxy1DgKyrg-unsplash-2-600x400.jpg 600w\" sizes=\"(max-width: 2560px) 100vw, 2560px\" \/><\/figure><div class=\"elementor-image-box-content\"><h3 class=\"elementor-image-box-title\">Eventi speciali Camplus<\/h3><p class=\"elementor-image-box-description\">Coffee break, lunch e aperitivi per conferenze, con setup e staff operativo.<\/p><\/div><\/div>\t\t\t\t<\/div>\n\t\t\t\t\t<\/div>\n\t\t\t\t<\/div>\n\t\t<div class=\"elementor-element elementor-element-d2a4e89 e-grid e-con-boxed e-con e-parent\" data-id=\"d2a4e89\" data-element_type=\"container\">\n\t\t\t\t\t<div class=\"e-con-inner\">\n\t\t\t\t<div class=\"elementor-element elementor-element-a37de4b elementor-position-top elementor-widget elementor-widget-image-box\" data-id=\"a37de4b\" data-element_type=\"widget\" data-widget_type=\"image-box.default\">\n\t\t\t\t\t<div class=\"elementor-image-box-wrapper\"><figure class=\"elementor-image-box-img\"><img loading=\"lazy\" decoding=\"async\" width=\"2560\" height=\"1591\" src=\"https:\/\/cibushub.com\/wp-content\/uploads\/2026\/01\/katarzyna-pracuch-V98W_4pCrVA-unsplash-scaled.jpg\" class=\"attachment-full size-full wp-image-5860\" alt=\"\" srcset=\"https:\/\/cibushub.com\/wp-content\/uploads\/2026\/01\/katarzyna-pracuch-V98W_4pCrVA-unsplash-scaled.jpg 2560w, https:\/\/cibushub.com\/wp-content\/uploads\/2026\/01\/katarzyna-pracuch-V98W_4pCrVA-unsplash-300x186.jpg 300w, https:\/\/cibushub.com\/wp-content\/uploads\/2026\/01\/katarzyna-pracuch-V98W_4pCrVA-unsplash-1024x636.jpg 1024w, https:\/\/cibushub.com\/wp-content\/uploads\/2026\/01\/katarzyna-pracuch-V98W_4pCrVA-unsplash-768x477.jpg 768w, https:\/\/cibushub.com\/wp-content\/uploads\/2026\/01\/katarzyna-pracuch-V98W_4pCrVA-unsplash-1536x955.jpg 1536w, https:\/\/cibushub.com\/wp-content\/uploads\/2026\/01\/katarzyna-pracuch-V98W_4pCrVA-unsplash-2048x1273.jpg 2048w, https:\/\/cibushub.com\/wp-content\/uploads\/2026\/01\/katarzyna-pracuch-V98W_4pCrVA-unsplash-600x373.jpg 600w\" sizes=\"(max-width: 2560px) 100vw, 2560px\" \/><\/figure><div class=\"elementor-image-box-content\"><h3 class=\"elementor-image-box-title\">Aperitivi per il personale ferroviario (Firenze)<\/h3><p class=\"elementor-image-box-description\">Accoglienza, servizio e logistica coordinata.<\/p><\/div><\/div>\t\t\t\t<\/div>\n\t\t\t\t\t<\/div>\n\t\t\t\t<\/div>\n\t\t\t\t<\/div>\n\t\t","protected":false},"excerpt":{"rendered":"<p>Storie vere, eventi riusciti Alcuni esempi di progetti reali, che raccontano meglio di tante parole cosa intendiamo per efficienza, affidabilit\u00e0 e cura. Soggiorno Prominent a Firenze Organizzazione completa: camere, pasti, logistica, attivit\u00e0 collaterali. Catering Ducati Servizio per un evento aziendale con men\u00f9 su misura, staff dedicato e gestione flussi. Delivery personalizzato per fiere Box pasto [&hellip;]<\/p>\n","protected":false},"author":1,"featured_media":0,"parent":0,"menu_order":0,"comment_status":"closed","ping_status":"closed","template":"elementor_header_footer","meta":{"_acf_changed":false,"_monsterinsights_skip_tracking":false,"_monsterinsights_sitenote_active":false,"_monsterinsights_sitenote_note":"","_monsterinsights_sitenote_category":0,"footnotes":""},"class_list":["post-92","page","type-page","status-publish","hentry"],"acf":[],"aioseo_notices":[],"_links":{"self":[{"href":"https:\/\/cibushub.com\/index.php\/wp-json\/wp\/v2\/pages\/92","targetHints":{"allow":["GET"]}}],"collection":[{"href":"https:\/\/cibushub.com\/index.php\/wp-json\/wp\/v2\/pages"}],"about":[{"href":"https:\/\/cibushub.com\/index.php\/wp-json\/wp\/v2\/types\/page"}],"author":[{"embeddable":true,"href":"https:\/\/cibushub.com\/index.php\/wp-json\/wp\/v2\/users\/1"}],"replies":[{"embeddable":true,"href":"https:\/\/cibushub.com\/index.php\/wp-json\/wp\/v2\/comments?post=92"}],"version-history":[{"count":31,"href":"https:\/\/cibushub.com\/index.php\/wp-json\/wp\/v2\/pages\/92\/revisions"}],"predecessor-version":[{"id":5909,"href":"https:\/\/cibushub.com\/index.php\/wp-json\/wp\/v2\/pages\/92\/revisions\/5909"}],"wp:attachment":[{"href":"https:\/\/cibushub.com\/index.php\/wp-json\/wp\/v2\/media?parent=92"}],"curies":[{"name":"wp","href":"https:\/\/api.w.org\/{rel}","templated":true}]}}