{"id":5587,"date":"2025-08-29T08:59:09","date_gmt":"2025-08-29T08:59:09","guid":{"rendered":"http:\/\/cibushub.com\/?page_id=5587"},"modified":"2026-01-08T11:33:43","modified_gmt":"2026-01-08T11:33:43","slug":"mission-vision-e-valori","status":"publish","type":"page","link":"https:\/\/cibushub.com\/index.php\/en\/mission-vision-e-valori\/","title":{"rendered":"Mission, vision e valori"},"content":{"rendered":"\t\t<div data-elementor-type=\"wp-page\" data-elementor-id=\"5587\" class=\"elementor elementor-5587\">\n\t\t\t\t<div class=\"elementor-element elementor-element-5a8b957f e-con-full e-flex e-con e-parent\" data-id=\"5a8b957f\" data-element_type=\"container\">\n\t\t\t\t<div class=\"elementor-element elementor-element-1e064a33 elementor-hidden-desktop elementor-hidden-laptop elementor-hidden-tablet_extra elementor-hidden-tablet elementor-hidden-mobile elementor-widget elementor-widget-tj-banner-slider\" data-id=\"1e064a33\" data-element_type=\"widget\" data-widget_type=\"tj-banner-slider.default\">\n\t\t\t\t<div class=\"elementor-widget-container\">\n\t\t\t\t\t\r\n<section class=\"tj-slider-section fix carouselWrap\" data-loop=\"yes\" data-nav=\"yes\" data-autoplay=\"yes\" data-delay=\"5000\">\r\n  <div class=\"swiper hero-slider\">\r\n    <div class=\"swiper-wrapper\">\r\n\r\n      \r\n        <div class=\"swiper-slide tj-slider-item tj-el-slide\">\r\n                      <div class=\"slider-bg-image\" data-bg-image=\"https:\/\/bexon.themejunction.net\/wp-content\/uploads\/2025\/08\/h2-bg-slide-2-scaled.webp\"><\/div>\r\n          \r\n          <div class=\"container\">\r\n            <div class=\"slider-wrapper\">\r\n              <div class=\"slider-content\">\r\n                                  <h1 class=\"slider-title tj-el-title\">Mission<\/h1>\r\n                \r\n                                  <div class=\"slider-desc tj-el-desc\">Offriamo soluzioni gastronomiche e logistiche su misura per trasformare eventi, fiere e soggiorni aziendali in esperienze memorabili, coniugando efficienza, ospitalit\u00e0 e gusto.<\/div>\r\n                \r\n                              <\/div>\r\n            <\/div>\r\n          <\/div>\r\n        <\/div>\r\n\r\n      \r\n        <div class=\"swiper-slide tj-slider-item tj-el-slide\">\r\n                      <div class=\"slider-bg-image\" data-bg-image=\"https:\/\/bexon.themejunction.net\/wp-content\/uploads\/2025\/08\/h2-bg-slide-scaled.webp\"><\/div>\r\n          \r\n          <div class=\"container\">\r\n            <div class=\"slider-wrapper\">\r\n              <div class=\"slider-content\">\r\n                                  <h1 class=\"slider-title tj-el-title\">Vision<\/h1>\r\n                \r\n                                  <div class=\"slider-desc tj-el-desc\">Diventare il punto di riferimento in Italia per l\u2019organizzazione di esperienze culinarie e logistiche ad alto impatto umano, per aziende e organizzazioni che cercano affidabilit\u00e0, originalit\u00e0 e cura.<\/div>\r\n                \r\n                              <\/div>\r\n            <\/div>\r\n          <\/div>\r\n        <\/div>\r\n\r\n      \r\n        <div class=\"swiper-slide tj-slider-item tj-el-slide\">\r\n                      <div class=\"slider-bg-image\" data-bg-image=\"https:\/\/bexon.themejunction.net\/wp-content\/uploads\/2025\/08\/h2-bg-slide-3-scaled.webp\"><\/div>\r\n          \r\n          <div class=\"container\">\r\n            <div class=\"slider-wrapper\">\r\n              <div class=\"slider-content\">\r\n                                  <h1 class=\"slider-title tj-el-title\">Valori<\/h1>\r\n                \r\n                                  <div class=\"slider-desc tj-el-desc\">Lavoriamo con affidabilit\u00e0, garantendo puntualit\u00e0, precisione e presenza costante. Ogni dettaglio \u00e8 curato con attenzione artigianale e rispetto per la qualit\u00e0. Ci distinguiamo per la flessibilit\u00e0, adattando proposte e modalit\u00e0 operative alle vostre esigenze. Mettiamo al centro le persone\u2014clienti, collaboratori e ospiti\u2014attraverso accoglienza e relazione autentica. Scegliamo la sostenibilit\u00e0 operativa, con azioni consapevoli per ridurre l'impatto ambientale e valorizzare il territorio.<\/div>\r\n                \r\n                                  <div class=\"slider-btn\">\r\n                    <a class=\"tj-primary-btn\" href=\"https:\/\/cibushub.com\/index.php\/en\/contatti\/\" target=\"_self\" rel=\"nofollow\">\r\n                      <span class=\"btn-text\"><span>Contattaci<\/span><\/span>\r\n                                              <span class=\"btn-icon\"><i aria-hidden=\"true\" class=\"tji-arrow-right-long tj\"><\/i><\/span>\r\n                                          <\/a>\r\n                  <\/div>\r\n                              <\/div>\r\n            <\/div>\r\n          <\/div>\r\n        <\/div>\r\n\r\n      \r\n    <\/div>\r\n          <div class=\"hero-navigation d-inline-flex wow fadeIn\" data-wow-delay=\"1.5s\">\r\n        <div class=\"slider-prev\">\r\n          <span class=\"anim-icon\"><i class=\"tji-arrow-left\"><\/i><i class=\"tji-arrow-left\"><\/i><\/span>\r\n        <\/div>\r\n        <div class=\"slider-next\">\r\n          <span class=\"anim-icon\"><i class=\"tji-arrow-right\"><\/i><i class=\"tji-arrow-right\"><\/i><\/span>\r\n        <\/div>\r\n      <\/div>\r\n      <\/div>\r\n\r\n  <div class=\"swiper hero-thumb wow fadeIn\" data-wow-delay=\"2s\">\r\n    <div class=\"swiper-wrapper\">\r\n                <div class=\"swiper-slide thumb-item\">\r\n            <img decoding=\"async\" src=\"https:\/\/bexon.themejunction.net\/wp-content\/uploads\/2025\/08\/h2-bg-slide-2-scaled.webp\" alt=\"\">\r\n          <\/div>\r\n                <div class=\"swiper-slide thumb-item\">\r\n            <img decoding=\"async\" src=\"https:\/\/bexon.themejunction.net\/wp-content\/uploads\/2025\/08\/h2-bg-slide-scaled.webp\" alt=\"\">\r\n          <\/div>\r\n                <div class=\"swiper-slide thumb-item\">\r\n            <img decoding=\"async\" src=\"https:\/\/bexon.themejunction.net\/wp-content\/uploads\/2025\/08\/h2-bg-slide-3-scaled.webp\" alt=\"\">\r\n          <\/div>\r\n          <\/div>\r\n  <\/div>\r\n\r\n\r\n      <div class=\"circle-text-wrap wow fadeInUp\" data-wow-delay=\"2.2s\">\r\n              <span class=\"circle-text\" data-bg-image=\"https:\/\/bexon.themejunction.net\/wp-content\/uploads\/2025\/07\/circle-text.webp\"><\/span>\r\n      \r\n      <a class=\"circle-icon\" href=\"\" target=\"_self\" rel=\"nofollow\">\r\n                  <i class=\"tji-arrow-down-big\"><\/i>\r\n              <\/a>\r\n    <\/div>\r\n  <\/section>\t\t\t\t<\/div>\n\t\t\t\t<\/div>\n\t\t\t\t<\/div>\n\t\t<div class=\"elementor-element elementor-element-2598bf2 e-flex e-con-boxed e-con e-parent\" data-id=\"2598bf2\" data-element_type=\"container\">\n\t\t\t\t\t<div class=\"e-con-inner\">\n\t\t<div class=\"elementor-element elementor-element-5b1b49e e-con-full e-flex e-con e-child\" data-id=\"5b1b49e\" data-element_type=\"container\">\n\t\t\t\t<div class=\"elementor-element elementor-element-58e6f7b elementor-widget elementor-widget-heading\" data-id=\"58e6f7b\" data-element_type=\"widget\" data-widget_type=\"heading.default\">\n\t\t\t\t\t<h2 class=\"elementor-heading-title elementor-size-default\">Mission<\/h2>\t\t\t\t<\/div>\n\t\t\t\t<div class=\"elementor-element elementor-element-603f5e9 elementor-widget elementor-widget-text-editor\" data-id=\"603f5e9\" data-element_type=\"widget\" data-widget_type=\"text-editor.default\">\n\t\t\t\t\t\t\t\t\t<p>Offriamo soluzioni gastronomiche e logistiche su misura per trasformare eventi, fiere e soggiorni aziendali in esperienze memorabili, coniugando efficienza, ospitalit\u00e0 e gusto.<\/p>\t\t\t\t\t\t\t\t<\/div>\n\t\t\t\t<\/div>\n\t\t<div class=\"elementor-element elementor-element-c79f3dd e-flex e-con-boxed e-con e-child\" data-id=\"c79f3dd\" data-element_type=\"container\">\n\t\t\t\t\t<div class=\"e-con-inner\">\n\t\t\t\t<div class=\"elementor-element elementor-element-15d72b0 elementor-widget elementor-widget-image\" data-id=\"15d72b0\" data-element_type=\"widget\" data-widget_type=\"image.default\">\n\t\t\t\t\t\t\t\t\t\t\t\t\t\t\t<img fetchpriority=\"high\" decoding=\"async\" width=\"1000\" height=\"413\" src=\"https:\/\/cibushub.com\/wp-content\/uploads\/2026\/01\/05-1024x423.png\" class=\"attachment-large size-large wp-image-5895\" alt=\"\" srcset=\"https:\/\/cibushub.com\/wp-content\/uploads\/2026\/01\/05-1024x423.png 1024w, https:\/\/cibushub.com\/wp-content\/uploads\/2026\/01\/05-300x124.png 300w, https:\/\/cibushub.com\/wp-content\/uploads\/2026\/01\/05-768x317.png 768w, https:\/\/cibushub.com\/wp-content\/uploads\/2026\/01\/05-600x248.png 600w, https:\/\/cibushub.com\/wp-content\/uploads\/2026\/01\/05.png 1366w\" sizes=\"(max-width: 1000px) 100vw, 1000px\" \/>\t\t\t\t\t\t\t\t\t\t\t\t\t\t\t<\/div>\n\t\t\t\t\t<\/div>\n\t\t\t\t<\/div>\n\t\t\t\t\t<\/div>\n\t\t\t\t<\/div>\n\t\t<div class=\"elementor-element elementor-element-3c687d0 e-flex e-con-boxed e-con e-parent\" data-id=\"3c687d0\" data-element_type=\"container\">\n\t\t\t\t\t<div class=\"e-con-inner\">\n\t\t<div class=\"elementor-element elementor-element-01be010 e-con-full e-flex e-con e-child\" data-id=\"01be010\" data-element_type=\"container\">\n\t\t\t\t<div class=\"elementor-element elementor-element-7e0c21b elementor-widget elementor-widget-image\" data-id=\"7e0c21b\" data-element_type=\"widget\" data-widget_type=\"image.default\">\n\t\t\t\t\t\t\t\t\t\t\t\t\t\t\t<img decoding=\"async\" width=\"1000\" height=\"413\" src=\"https:\/\/cibushub.com\/wp-content\/uploads\/2026\/01\/04-1024x423.png\" class=\"attachment-large size-large wp-image-5893\" alt=\"\" srcset=\"https:\/\/cibushub.com\/wp-content\/uploads\/2026\/01\/04-1024x423.png 1024w, https:\/\/cibushub.com\/wp-content\/uploads\/2026\/01\/04-300x124.png 300w, https:\/\/cibushub.com\/wp-content\/uploads\/2026\/01\/04-768x317.png 768w, https:\/\/cibushub.com\/wp-content\/uploads\/2026\/01\/04-600x248.png 600w, https:\/\/cibushub.com\/wp-content\/uploads\/2026\/01\/04.png 1366w\" sizes=\"(max-width: 1000px) 100vw, 1000px\" \/>\t\t\t\t\t\t\t\t\t\t\t\t\t\t\t<\/div>\n\t\t\t\t<\/div>\n\t\t<div class=\"elementor-element elementor-element-becdb07 e-flex e-con-boxed e-con e-child\" data-id=\"becdb07\" data-element_type=\"container\">\n\t\t\t\t\t<div class=\"e-con-inner\">\n\t\t\t\t<div class=\"elementor-element elementor-element-484b5c9 elementor-widget elementor-widget-heading\" data-id=\"484b5c9\" data-element_type=\"widget\" data-widget_type=\"heading.default\">\n\t\t\t\t\t<h2 class=\"elementor-heading-title elementor-size-default\">Vision<\/h2>\t\t\t\t<\/div>\n\t\t\t\t<div class=\"elementor-element elementor-element-b2e4732 elementor-widget elementor-widget-text-editor\" data-id=\"b2e4732\" data-element_type=\"widget\" data-widget_type=\"text-editor.default\">\n\t\t\t\t\t\t\t\t\t<p>Diventare il punto di riferimento in Italia per l\u2019organizzazione di esperienze culinarie e logistiche ad alto impatto umano, per aziende e organizzazioni che cercano affidabilit\u00e0, originalit\u00e0 e cura.<\/p>\t\t\t\t\t\t\t\t<\/div>\n\t\t\t\t\t<\/div>\n\t\t\t\t<\/div>\n\t\t\t\t\t<\/div>\n\t\t\t\t<\/div>\n\t\t<div class=\"elementor-element elementor-element-f01a37d e-flex e-con-boxed e-con e-parent\" data-id=\"f01a37d\" data-element_type=\"container\">\n\t\t\t\t\t<div class=\"e-con-inner\">\n\t\t<div class=\"elementor-element elementor-element-5aca9c2 e-con-full e-flex e-con e-child\" data-id=\"5aca9c2\" data-element_type=\"container\">\n\t\t\t\t<div class=\"elementor-element elementor-element-4569846 elementor-widget elementor-widget-heading\" data-id=\"4569846\" data-element_type=\"widget\" data-widget_type=\"heading.default\">\n\t\t\t\t\t<h2 class=\"elementor-heading-title elementor-size-default\">Valori<\/h2>\t\t\t\t<\/div>\n\t\t\t\t<div class=\"elementor-element elementor-element-388475c elementor-widget elementor-widget-text-editor\" data-id=\"388475c\" data-element_type=\"widget\" data-widget_type=\"text-editor.default\">\n\t\t\t\t\t\t\t\t\t<p><strong>Affidabilit\u00e0<br \/><\/strong>Puntualit\u00e0, precisione e presenza costante.<\/p><p><strong>Cura artigianale<br \/><\/strong>Ogni dettaglio \u00e8 costruito con attenzione e rispetto per la qualit\u00e0.<\/p><p><strong>Flessibilit\u00e0<br \/><\/strong>Adattiamo proposte, formati e modalit\u00e0 operative.<\/p><p><strong>Accoglienza e relazione<br \/><\/strong>Mettiamo al centro le persone: clienti, collaboratori e ospiti.<\/p><p><strong>Sostenibilit\u00e0 operativa<br \/><\/strong>Scelte consapevoli per ridurre l\u2019impatto ambientale e valorizzare il territorio.<\/p>\t\t\t\t\t\t\t\t<\/div>\n\t\t\t\t<\/div>\n\t\t<div class=\"elementor-element elementor-element-27e90cc e-flex e-con-boxed e-con e-child\" data-id=\"27e90cc\" data-element_type=\"container\">\n\t\t\t\t\t<div class=\"e-con-inner\">\n\t\t\t\t<div class=\"elementor-element elementor-element-977aa10 elementor-widget elementor-widget-image\" data-id=\"977aa10\" data-element_type=\"widget\" data-widget_type=\"image.default\">\n\t\t\t\t\t\t\t\t\t\t\t\t\t\t\t<img decoding=\"async\" width=\"1366\" height=\"564\" src=\"https:\/\/cibushub.com\/wp-content\/uploads\/2026\/01\/01.png\" class=\"attachment-full size-full wp-image-5885\" alt=\"\" srcset=\"https:\/\/cibushub.com\/wp-content\/uploads\/2026\/01\/01.png 1366w, https:\/\/cibushub.com\/wp-content\/uploads\/2026\/01\/01-300x124.png 300w, https:\/\/cibushub.com\/wp-content\/uploads\/2026\/01\/01-1024x423.png 1024w, https:\/\/cibushub.com\/wp-content\/uploads\/2026\/01\/01-768x317.png 768w, https:\/\/cibushub.com\/wp-content\/uploads\/2026\/01\/01-600x248.png 600w\" sizes=\"(max-width: 1366px) 100vw, 1366px\" \/>\t\t\t\t\t\t\t\t\t\t\t\t\t\t\t<\/div>\n\t\t\t\t\t<\/div>\n\t\t\t\t<\/div>\n\t\t\t\t\t<\/div>\n\t\t\t\t<\/div>\n\t\t<div class=\"elementor-element elementor-element-5e860ea e-flex e-con-boxed e-con e-parent\" data-id=\"5e860ea\" data-element_type=\"container\">\n\t\t\t\t\t<div class=\"e-con-inner\">\n\t\t\t\t\t<\/div>\n\t\t\t\t<\/div>\n\t\t\t\t<\/div>\n\t\t","protected":false},"excerpt":{"rendered":"<p>Mission Offriamo soluzioni gastronomiche e logistiche su misura per trasformare eventi, fiere e soggiorni aziendali in esperienze memorabili, coniugando efficienza, ospitalit\u00e0 e gusto. Vision Diventare il punto di riferimento in Italia per l\u2019organizzazione di esperienze culinarie e logistiche ad alto impatto umano, per aziende e organizzazioni che cercano affidabilit\u00e0, originalit\u00e0 e cura. Valori Lavoriamo con [&hellip;]<\/p>\n","protected":false},"author":1,"featured_media":0,"parent":0,"menu_order":0,"comment_status":"closed","ping_status":"closed","template":"","meta":{"_acf_changed":false,"_monsterinsights_skip_tracking":false,"_monsterinsights_sitenote_active":false,"_monsterinsights_sitenote_note":"","_monsterinsights_sitenote_category":0,"footnotes":""},"class_list":["post-5587","page","type-page","status-publish","hentry"],"acf":[],"aioseo_notices":[],"_links":{"self":[{"href":"https:\/\/cibushub.com\/index.php\/wp-json\/wp\/v2\/pages\/5587","targetHints":{"allow":["GET"]}}],"collection":[{"href":"https:\/\/cibushub.com\/index.php\/wp-json\/wp\/v2\/pages"}],"about":[{"href":"https:\/\/cibushub.com\/index.php\/wp-json\/wp\/v2\/types\/page"}],"author":[{"embeddable":true,"href":"https:\/\/cibushub.com\/index.php\/wp-json\/wp\/v2\/users\/1"}],"replies":[{"embeddable":true,"href":"https:\/\/cibushub.com\/index.php\/wp-json\/wp\/v2\/comments?post=5587"}],"version-history":[{"count":19,"href":"https:\/\/cibushub.com\/index.php\/wp-json\/wp\/v2\/pages\/5587\/revisions"}],"predecessor-version":[{"id":5905,"href":"https:\/\/cibushub.com\/index.php\/wp-json\/wp\/v2\/pages\/5587\/revisions\/5905"}],"wp:attachment":[{"href":"https:\/\/cibushub.com\/index.php\/wp-json\/wp\/v2\/media?parent=5587"}],"curies":[{"name":"wp","href":"https:\/\/api.w.org\/{rel}","templated":true}]}}